{"id":3486,"date":"2025-10-24T18:54:21","date_gmt":"2025-10-24T18:54:21","guid":{"rendered":"https:\/\/rentals.ismopos.com\/?post_type=product&#038;p=3486"},"modified":"2025-10-27T13:38:36","modified_gmt":"2025-10-27T13:38:36","slug":"2023-citroen-c3","status":"publish","type":"product","link":"https:\/\/rentals.ismopos.com\/?product=2023-citroen-c3","title":{"rendered":"2023 Citro\u00ebn C3"},"content":{"rendered":"<p><strong>2023 Citro\u00ebn C3<\/strong><\/p>\n<p>Berline compacte au design moderne et int\u00e9rieur confortable.<\/p>\n<p>Id\u00e9ale pour la location au Maroc, cette voiture offre un excellent confort, une consommation ma\u00eetris\u00e9e et une exp\u00e9rience de conduite agr\u00e9able sur toutes les routes du royaume.<\/p>\n","protected":false},"excerpt":{"rendered":"<p>Berline compacte au design moderne et int\u00e9rieur confortable.<\/p>\n","protected":false},"featured_media":3611,"comment_status":"open","ping_status":"closed","template":"","meta":[],"product_brand":[94],"product_cat":[61,140],"product_tag":[141],"class_list":{"0":"post-3486","1":"product","2":"type-product","3":"status-publish","4":"has-post-thumbnail","6":"type-car","7":"type-citadine","8":"manufacturer-citroen","9":"product_brand-citroen","10":"product_cat-car","11":"product_cat-citroen","12":"product_tag-2023-citroen-c3","14":"first","15":"instock","16":"shipping-taxable","17":"purchasable","18":"product-type-ovacrs_car_rental"},"_links":{"self":[{"href":"https:\/\/rentals.ismopos.com\/index.php?rest_route=\/wp\/v2\/product\/3486","targetHints":{"allow":["GET"]}}],"collection":[{"href":"https:\/\/rentals.ismopos.com\/index.php?rest_route=\/wp\/v2\/product"}],"about":[{"href":"https:\/\/rentals.ismopos.com\/index.php?rest_route=\/wp\/v2\/types\/product"}],"replies":[{"embeddable":true,"href":"https:\/\/rentals.ismopos.com\/index.php?rest_route=%2Fwp%2Fv2%2Fcomments&post=3486"}],"wp:featuredmedia":[{"embeddable":true,"href":"https:\/\/rentals.ismopos.com\/index.php?rest_route=\/wp\/v2\/media\/3611"}],"wp:attachment":[{"href":"https:\/\/rentals.ismopos.com\/index.php?rest_route=%2Fwp%2Fv2%2Fmedia&parent=3486"}],"wp:term":[{"taxonomy":"product_brand","embeddable":true,"href":"https:\/\/rentals.ismopos.com\/index.php?rest_route=%2Fwp%2Fv2%2Fproduct_brand&post=3486"},{"taxonomy":"product_cat","embeddable":true,"href":"https:\/\/rentals.ismopos.com\/index.php?rest_route=%2Fwp%2Fv2%2Fproduct_cat&post=3486"},{"taxonomy":"product_tag","embeddable":true,"href":"https:\/\/rentals.ismopos.com\/index.php?rest_route=%2Fwp%2Fv2%2Fproduct_tag&post=3486"}],"curies":[{"name":"wp","href":"https:\/\/api.w.org\/{rel}","templated":true}]}}