{"id":3487,"date":"2025-10-24T18:54:22","date_gmt":"2025-10-24T18:54:22","guid":{"rendered":"https:\/\/rentals.ismopos.com\/?post_type=product&#038;p=3487"},"modified":"2025-10-27T12:04:14","modified_gmt":"2025-10-27T12:04:14","slug":"2021-fiat-500","status":"publish","type":"product","link":"https:\/\/rentals.ismopos.com\/?product=2021-fiat-500","title":{"rendered":"2021 Fiat 500"},"content":{"rendered":"<p><strong>2021 Fiat 500<\/strong><\/p>\n<p>Mini-voiture au style unique, parfaite pour les d\u00e9placements en centre-ville.<\/p>\n<p>Id\u00e9ale pour la location au Maroc, cette voiture offre un excellent confort, une consommation ma\u00eetris\u00e9e et une exp\u00e9rience de conduite agr\u00e9able sur toutes les routes du royaume.<\/p>\n","protected":false},"excerpt":{"rendered":"<p>Mini-voiture au style unique, parfaite pour les d\u00e9placements en centre-ville.<\/p>\n","protected":false},"featured_media":3599,"comment_status":"open","ping_status":"closed","template":"","meta":[],"product_brand":[186],"product_cat":[61,142],"product_tag":[143],"class_list":{"0":"post-3487","1":"product","2":"type-product","3":"status-publish","4":"has-post-thumbnail","6":"type-car","7":"type-citadine","8":"manufacturer-fiat","9":"product_brand-fiat","10":"product_cat-car","11":"product_cat-fiat-car","12":"product_tag-2021-fiat-500","14":"first","15":"instock","16":"shipping-taxable","17":"purchasable","18":"product-type-ovacrs_car_rental"},"_links":{"self":[{"href":"https:\/\/rentals.ismopos.com\/index.php?rest_route=\/wp\/v2\/product\/3487","targetHints":{"allow":["GET"]}}],"collection":[{"href":"https:\/\/rentals.ismopos.com\/index.php?rest_route=\/wp\/v2\/product"}],"about":[{"href":"https:\/\/rentals.ismopos.com\/index.php?rest_route=\/wp\/v2\/types\/product"}],"replies":[{"embeddable":true,"href":"https:\/\/rentals.ismopos.com\/index.php?rest_route=%2Fwp%2Fv2%2Fcomments&post=3487"}],"wp:featuredmedia":[{"embeddable":true,"href":"https:\/\/rentals.ismopos.com\/index.php?rest_route=\/wp\/v2\/media\/3599"}],"wp:attachment":[{"href":"https:\/\/rentals.ismopos.com\/index.php?rest_route=%2Fwp%2Fv2%2Fmedia&parent=3487"}],"wp:term":[{"taxonomy":"product_brand","embeddable":true,"href":"https:\/\/rentals.ismopos.com\/index.php?rest_route=%2Fwp%2Fv2%2Fproduct_brand&post=3487"},{"taxonomy":"product_cat","embeddable":true,"href":"https:\/\/rentals.ismopos.com\/index.php?rest_route=%2Fwp%2Fv2%2Fproduct_cat&post=3487"},{"taxonomy":"product_tag","embeddable":true,"href":"https:\/\/rentals.ismopos.com\/index.php?rest_route=%2Fwp%2Fv2%2Fproduct_tag&post=3487"}],"curies":[{"name":"wp","href":"https:\/\/api.w.org\/{rel}","templated":true}]}}