{"id":3489,"date":"2025-10-24T18:55:33","date_gmt":"2025-10-24T18:55:33","guid":{"rendered":"https:\/\/rentals.ismopos.com\/?post_type=product&#038;p=3489"},"modified":"2025-10-24T19:43:53","modified_gmt":"2025-10-24T19:43:53","slug":"2019-lexus-lf-lc-copy-20","status":"publish","type":"product","link":"https:\/\/rentals.ismopos.com\/?product=2019-lexus-lf-lc-copy-20","title":{"rendered":"2020 Skoda Fabia"},"content":{"rendered":"<p><strong>2020 Skoda Fabia<\/strong><\/p>\n<p>Citadine solide et bien \u00e9quip\u00e9e, adapt\u00e9e \u00e0 tous les types de routes.<\/p>\n<p>Id\u00e9ale pour la location au Maroc, cette voiture offre un excellent confort, une consommation ma\u00eetris\u00e9e et une exp\u00e9rience de conduite agr\u00e9able sur toutes les routes du royaume.<\/p>\n","protected":false},"excerpt":{"rendered":"<p>Citadine solide et bien \u00e9quip\u00e9e, adapt\u00e9e \u00e0 tous les types de routes.<\/p>\n","protected":false},"featured_media":3517,"comment_status":"open","ping_status":"closed","template":"","meta":[],"product_brand":[103],"product_cat":[61,146],"product_tag":[147],"class_list":{"0":"post-3489","1":"product","2":"type-product","3":"status-publish","4":"has-post-thumbnail","6":"type-car","7":"type-citadine","8":"manufacturer-skoda","9":"gearbox-manual","10":"product_brand-skoda","11":"product_cat-car","12":"product_cat-skoda-car","13":"product_tag-2020-skoda-fabia","15":"first","16":"instock","17":"shipping-taxable","18":"purchasable","19":"product-type-ovacrs_car_rental"},"_links":{"self":[{"href":"https:\/\/rentals.ismopos.com\/index.php?rest_route=\/wp\/v2\/product\/3489","targetHints":{"allow":["GET"]}}],"collection":[{"href":"https:\/\/rentals.ismopos.com\/index.php?rest_route=\/wp\/v2\/product"}],"about":[{"href":"https:\/\/rentals.ismopos.com\/index.php?rest_route=\/wp\/v2\/types\/product"}],"replies":[{"embeddable":true,"href":"https:\/\/rentals.ismopos.com\/index.php?rest_route=%2Fwp%2Fv2%2Fcomments&post=3489"}],"wp:featuredmedia":[{"embeddable":true,"href":"https:\/\/rentals.ismopos.com\/index.php?rest_route=\/wp\/v2\/media\/3517"}],"wp:attachment":[{"href":"https:\/\/rentals.ismopos.com\/index.php?rest_route=%2Fwp%2Fv2%2Fmedia&parent=3489"}],"wp:term":[{"taxonomy":"product_brand","embeddable":true,"href":"https:\/\/rentals.ismopos.com\/index.php?rest_route=%2Fwp%2Fv2%2Fproduct_brand&post=3489"},{"taxonomy":"product_cat","embeddable":true,"href":"https:\/\/rentals.ismopos.com\/index.php?rest_route=%2Fwp%2Fv2%2Fproduct_cat&post=3489"},{"taxonomy":"product_tag","embeddable":true,"href":"https:\/\/rentals.ismopos.com\/index.php?rest_route=%2Fwp%2Fv2%2Fproduct_tag&post=3489"}],"curies":[{"name":"wp","href":"https:\/\/api.w.org\/{rel}","templated":true}]}}