{"id":3490,"date":"2025-10-24T18:55:33","date_gmt":"2025-10-24T18:55:33","guid":{"rendered":"https:\/\/rentals.ismopos.com\/?post_type=product&#038;p=3490"},"modified":"2025-10-24T19:39:36","modified_gmt":"2025-10-24T19:39:36","slug":"2019-lexus-lf-lc-copy-18","status":"publish","type":"product","link":"https:\/\/rentals.ismopos.com\/?product=2019-lexus-lf-lc-copy-18","title":{"rendered":"2022 Suzuki Swift"},"content":{"rendered":"<p><strong>2022 Suzuki Swift<\/strong><\/p>\n<p>Petite citadine agile et \u00e9conomique, facile \u00e0 man\u0153uvrer en ville.<\/p>\n<p>Id\u00e9ale pour la location au Maroc, cette voiture offre un excellent confort, une consommation ma\u00eetris\u00e9e et une exp\u00e9rience de conduite agr\u00e9able sur toutes les routes du royaume.<\/p>\n","protected":false},"excerpt":{"rendered":"<p>Petite citadine agile et \u00e9conomique, facile \u00e0 man\u0153uvrer en ville.<\/p>\n","protected":false},"featured_media":3516,"comment_status":"open","ping_status":"closed","template":"","meta":[],"product_brand":[189],"product_cat":[61,148],"product_tag":[149],"class_list":{"0":"post-3490","1":"product","2":"type-product","3":"status-publish","4":"has-post-thumbnail","6":"type-citadine","7":"manufacturer-suzuki","8":"gearbox-automatic","9":"product_brand-suzuki","10":"product_cat-car","11":"product_cat-suzuki-car","12":"product_tag-2022-suzuki-swift","14":"first","15":"instock","16":"shipping-taxable","17":"purchasable","18":"product-type-ovacrs_car_rental"},"_links":{"self":[{"href":"https:\/\/rentals.ismopos.com\/index.php?rest_route=\/wp\/v2\/product\/3490","targetHints":{"allow":["GET"]}}],"collection":[{"href":"https:\/\/rentals.ismopos.com\/index.php?rest_route=\/wp\/v2\/product"}],"about":[{"href":"https:\/\/rentals.ismopos.com\/index.php?rest_route=\/wp\/v2\/types\/product"}],"replies":[{"embeddable":true,"href":"https:\/\/rentals.ismopos.com\/index.php?rest_route=%2Fwp%2Fv2%2Fcomments&post=3490"}],"wp:featuredmedia":[{"embeddable":true,"href":"https:\/\/rentals.ismopos.com\/index.php?rest_route=\/wp\/v2\/media\/3516"}],"wp:attachment":[{"href":"https:\/\/rentals.ismopos.com\/index.php?rest_route=%2Fwp%2Fv2%2Fmedia&parent=3490"}],"wp:term":[{"taxonomy":"product_brand","embeddable":true,"href":"https:\/\/rentals.ismopos.com\/index.php?rest_route=%2Fwp%2Fv2%2Fproduct_brand&post=3490"},{"taxonomy":"product_cat","embeddable":true,"href":"https:\/\/rentals.ismopos.com\/index.php?rest_route=%2Fwp%2Fv2%2Fproduct_cat&post=3490"},{"taxonomy":"product_tag","embeddable":true,"href":"https:\/\/rentals.ismopos.com\/index.php?rest_route=%2Fwp%2Fv2%2Fproduct_tag&post=3490"}],"curies":[{"name":"wp","href":"https:\/\/api.w.org\/{rel}","templated":true}]}}