{"id":3495,"date":"2025-10-24T18:55:33","date_gmt":"2025-10-24T18:55:33","guid":{"rendered":"https:\/\/rentals.ismopos.com\/?post_type=product&#038;p=3495"},"modified":"2025-10-27T11:57:24","modified_gmt":"2025-10-27T11:57:24","slug":"2019-lexus-lf-lc-copy-14","status":"publish","type":"product","link":"https:\/\/rentals.ismopos.com\/?product=2019-lexus-lf-lc-copy-14","title":{"rendered":"2023 Mercedes A-Class"},"content":{"rendered":"<p><strong>2023 Mercedes A-Class<\/strong><\/p>\n<p>Compacte premium combinant luxe, technologie et performance.<\/p>\n<p>Id\u00e9ale pour la location au Maroc, cette voiture offre un excellent confort, une consommation ma\u00eetris\u00e9e et une exp\u00e9rience de conduite agr\u00e9able sur toutes les routes du royaume.<\/p>\n","protected":false},"excerpt":{"rendered":"<p>Compacte premium combinant luxe, technologie et performance.<\/p>\n","protected":false},"featured_media":3582,"comment_status":"open","ping_status":"closed","template":"","meta":[],"product_brand":[181],"product_cat":[61,158],"product_tag":[159],"class_list":{"0":"post-3495","1":"product","2":"type-product","3":"status-publish","4":"has-post-thumbnail","6":"type-car","7":"type-citadine","8":"manufacturer-mercedes-benz","9":"product_brand-mercedes-benz","10":"product_cat-car","11":"product_cat-mercedes-benz-car","12":"product_tag-2023-mercedes-a-class","14":"first","15":"instock","16":"shipping-taxable","17":"purchasable","18":"product-type-ovacrs_car_rental"},"_links":{"self":[{"href":"https:\/\/rentals.ismopos.com\/index.php?rest_route=\/wp\/v2\/product\/3495","targetHints":{"allow":["GET"]}}],"collection":[{"href":"https:\/\/rentals.ismopos.com\/index.php?rest_route=\/wp\/v2\/product"}],"about":[{"href":"https:\/\/rentals.ismopos.com\/index.php?rest_route=\/wp\/v2\/types\/product"}],"replies":[{"embeddable":true,"href":"https:\/\/rentals.ismopos.com\/index.php?rest_route=%2Fwp%2Fv2%2Fcomments&post=3495"}],"wp:featuredmedia":[{"embeddable":true,"href":"https:\/\/rentals.ismopos.com\/index.php?rest_route=\/wp\/v2\/media\/3582"}],"wp:attachment":[{"href":"https:\/\/rentals.ismopos.com\/index.php?rest_route=%2Fwp%2Fv2%2Fmedia&parent=3495"}],"wp:term":[{"taxonomy":"product_brand","embeddable":true,"href":"https:\/\/rentals.ismopos.com\/index.php?rest_route=%2Fwp%2Fv2%2Fproduct_brand&post=3495"},{"taxonomy":"product_cat","embeddable":true,"href":"https:\/\/rentals.ismopos.com\/index.php?rest_route=%2Fwp%2Fv2%2Fproduct_cat&post=3495"},{"taxonomy":"product_tag","embeddable":true,"href":"https:\/\/rentals.ismopos.com\/index.php?rest_route=%2Fwp%2Fv2%2Fproduct_tag&post=3495"}],"curies":[{"name":"wp","href":"https:\/\/api.w.org\/{rel}","templated":true}]}}