{"id":3496,"date":"2025-10-24T18:55:32","date_gmt":"2025-10-24T18:55:32","guid":{"rendered":"https:\/\/rentals.ismopos.com\/?post_type=product&#038;p=3496"},"modified":"2025-10-24T20:55:47","modified_gmt":"2025-10-24T20:55:47","slug":"2019-lexus-lf-lc-copy-11","status":"publish","type":"product","link":"https:\/\/rentals.ismopos.com\/?product=2019-lexus-lf-lc-copy-11","title":{"rendered":"2021 BMW 1 Series"},"content":{"rendered":"<p><strong>2021 BMW 1 Series<\/strong><\/p>\n<p>Berline allemande \u00e9l\u00e9gante et dynamique, offrant un confort exceptionnel.<\/p>\n<p>Id\u00e9ale pour la location au Maroc, cette voiture offre un excellent confort, une consommation ma\u00eetris\u00e9e et une exp\u00e9rience de conduite agr\u00e9able sur toutes les routes du royaume.<\/p>\n","protected":false},"excerpt":{"rendered":"<p>Berline allemande \u00e9l\u00e9gante et dynamique, offrant un confort exceptionnel.<\/p>\n","protected":false},"featured_media":3551,"comment_status":"open","ping_status":"closed","template":"","meta":[],"product_brand":[99],"product_cat":[70,61],"product_tag":[160],"class_list":{"0":"post-3496","1":"product","2":"type-product","3":"status-publish","4":"has-post-thumbnail","6":"type-car","7":"type-citadine","8":"manufacturer-bmw","9":"gearbox-automatic","10":"product_brand-bmw","11":"product_cat-bmw","12":"product_cat-car","13":"product_tag-2021-bmw-1-series","15":"first","16":"instock","17":"shipping-taxable","18":"purchasable","19":"product-type-ovacrs_car_rental"},"_links":{"self":[{"href":"https:\/\/rentals.ismopos.com\/index.php?rest_route=\/wp\/v2\/product\/3496","targetHints":{"allow":["GET"]}}],"collection":[{"href":"https:\/\/rentals.ismopos.com\/index.php?rest_route=\/wp\/v2\/product"}],"about":[{"href":"https:\/\/rentals.ismopos.com\/index.php?rest_route=\/wp\/v2\/types\/product"}],"replies":[{"embeddable":true,"href":"https:\/\/rentals.ismopos.com\/index.php?rest_route=%2Fwp%2Fv2%2Fcomments&post=3496"}],"wp:featuredmedia":[{"embeddable":true,"href":"https:\/\/rentals.ismopos.com\/index.php?rest_route=\/wp\/v2\/media\/3551"}],"wp:attachment":[{"href":"https:\/\/rentals.ismopos.com\/index.php?rest_route=%2Fwp%2Fv2%2Fmedia&parent=3496"}],"wp:term":[{"taxonomy":"product_brand","embeddable":true,"href":"https:\/\/rentals.ismopos.com\/index.php?rest_route=%2Fwp%2Fv2%2Fproduct_brand&post=3496"},{"taxonomy":"product_cat","embeddable":true,"href":"https:\/\/rentals.ismopos.com\/index.php?rest_route=%2Fwp%2Fv2%2Fproduct_cat&post=3496"},{"taxonomy":"product_tag","embeddable":true,"href":"https:\/\/rentals.ismopos.com\/index.php?rest_route=%2Fwp%2Fv2%2Fproduct_tag&post=3496"}],"curies":[{"name":"wp","href":"https:\/\/api.w.org\/{rel}","templated":true}]}}