{"id":3498,"date":"2025-10-24T18:55:32","date_gmt":"2025-10-24T18:55:32","guid":{"rendered":"https:\/\/rentals.ismopos.com\/?post_type=product&#038;p=3498"},"modified":"2025-10-27T11:55:25","modified_gmt":"2025-10-27T11:55:25","slug":"2019-lexus-lf-lc-copy-13","status":"publish","type":"product","link":"https:\/\/rentals.ismopos.com\/?product=2019-lexus-lf-lc-copy-13","title":{"rendered":"2023 Range Rover Evoque"},"content":{"rendered":"<p><strong>2023 Range Rover Evoque<\/strong><\/p>\n<p>SUV premium \u00e9l\u00e9gant et puissant, parfait pour les trajets urbains et les excursions.<\/p>\n<p>Id\u00e9ale pour la location au Maroc, cette voiture offre un excellent confort, une consommation ma\u00eetris\u00e9e et une exp\u00e9rience de conduite agr\u00e9able sur toutes les routes du royaume.<\/p>\n","protected":false},"excerpt":{"rendered":"<p>SUV premium \u00e9l\u00e9gant et puissant, parfait pour les trajets urbains et les excursions.<\/p>\n","protected":false},"featured_media":3577,"comment_status":"open","ping_status":"closed","template":"","meta":[],"product_brand":[185],"product_cat":[61,162],"product_tag":[163],"class_list":{"0":"post-3498","1":"product","2":"type-product","3":"status-publish","4":"has-post-thumbnail","6":"type-car","7":"type-suv","8":"manufacturer-range-rover","9":"gearbox-automatic","10":"product_brand-range-rover","11":"product_cat-car","12":"product_cat-range-rover-car","13":"product_tag-2023-range-rover-evoque","15":"first","16":"instock","17":"shipping-taxable","18":"purchasable","19":"product-type-ovacrs_car_rental"},"_links":{"self":[{"href":"https:\/\/rentals.ismopos.com\/index.php?rest_route=\/wp\/v2\/product\/3498","targetHints":{"allow":["GET"]}}],"collection":[{"href":"https:\/\/rentals.ismopos.com\/index.php?rest_route=\/wp\/v2\/product"}],"about":[{"href":"https:\/\/rentals.ismopos.com\/index.php?rest_route=\/wp\/v2\/types\/product"}],"replies":[{"embeddable":true,"href":"https:\/\/rentals.ismopos.com\/index.php?rest_route=%2Fwp%2Fv2%2Fcomments&post=3498"}],"wp:featuredmedia":[{"embeddable":true,"href":"https:\/\/rentals.ismopos.com\/index.php?rest_route=\/wp\/v2\/media\/3577"}],"wp:attachment":[{"href":"https:\/\/rentals.ismopos.com\/index.php?rest_route=%2Fwp%2Fv2%2Fmedia&parent=3498"}],"wp:term":[{"taxonomy":"product_brand","embeddable":true,"href":"https:\/\/rentals.ismopos.com\/index.php?rest_route=%2Fwp%2Fv2%2Fproduct_brand&post=3498"},{"taxonomy":"product_cat","embeddable":true,"href":"https:\/\/rentals.ismopos.com\/index.php?rest_route=%2Fwp%2Fv2%2Fproduct_cat&post=3498"},{"taxonomy":"product_tag","embeddable":true,"href":"https:\/\/rentals.ismopos.com\/index.php?rest_route=%2Fwp%2Fv2%2Fproduct_tag&post=3498"}],"curies":[{"name":"wp","href":"https:\/\/api.w.org\/{rel}","templated":true}]}}